{"id":378,"date":"2024-01-25T13:12:16","date_gmt":"2024-01-25T12:12:16","guid":{"rendered":"https:\/\/mayland.wildbirds.pl\/?page_id=378"},"modified":"2024-01-25T14:08:16","modified_gmt":"2024-01-25T13:08:16","slug":"grzegorz-latala-2","status":"publish","type":"page","link":"https:\/\/mayland.wildbirds.pl\/en\/grzegorz-latala-2\/","title":{"rendered":"Grzegorz Lata\u0142a"},"content":{"rendered":"<style>.kb-row-layout-id378_65f9d1-cf > .kt-row-column-wrap{align-content:start;}:where(.kb-row-layout-id378_65f9d1-cf > .kt-row-column-wrap) > .wp-block-kadence-column{justify-content:start;}.kb-row-layout-id378_65f9d1-cf > .kt-row-column-wrap{column-gap:var(--global-kb-gap-md, 2rem);row-gap:var(--global-kb-gap-md, 2rem);padding-top:20px;padding-bottom:20px;grid-template-columns:minmax(0, 1fr);}.kb-row-layout-id378_65f9d1-cf > .kt-row-layout-overlay{opacity:0.30;}@media all and (max-width: 1024px){.kb-row-layout-id378_65f9d1-cf > .kt-row-column-wrap{grid-template-columns:minmax(0, 1fr);}}@media all and (max-width: 767px){.kb-row-layout-id378_65f9d1-cf > .kt-row-column-wrap{grid-template-columns:minmax(0, 1fr);}}<\/style><div class=\"kb-row-layout-wrap kb-row-layout-id378_65f9d1-cf alignfull has-theme-palette2-background-color kt-row-has-bg wp-block-kadence-rowlayout\"><div class=\"kt-row-column-wrap kt-has-1-columns kt-row-layout-equal kt-tab-layout-inherit kt-mobile-layout-row kt-row-valign-top\">\n<style>.kadence-column378_213688-fc > .kt-inside-inner-col,.kadence-column378_213688-fc > .kt-inside-inner-col:before{border-top-left-radius:0px;border-top-right-radius:0px;border-bottom-right-radius:0px;border-bottom-left-radius:0px;}.kadence-column378_213688-fc > .kt-inside-inner-col{column-gap:var(--global-kb-gap-sm, 1rem);}.kadence-column378_213688-fc > .kt-inside-inner-col{flex-direction:column;}.kadence-column378_213688-fc > .kt-inside-inner-col > .aligncenter{width:100%;}.kadence-column378_213688-fc > .kt-inside-inner-col:before{opacity:0.3;}.kadence-column378_213688-fc{position:relative;}@media all and (max-width: 1024px){.kadence-column378_213688-fc > .kt-inside-inner-col{flex-direction:column;justify-content:center;}}@media all and (max-width: 767px){.kadence-column378_213688-fc > .kt-inside-inner-col{flex-direction:column;justify-content:center;}}<\/style>\n<div class=\"wp-block-kadence-column kadence-column378_213688-fc\"><div class=\"kt-inside-inner-col\"><\/div><\/div>\n\n<\/div><\/div>\n\n<style>.kb-row-layout-id378_682f37-8b > .kt-row-column-wrap{align-content:start;}:where(.kb-row-layout-id378_682f37-8b > .kt-row-column-wrap) > .wp-block-kadence-column{justify-content:start;}.kb-row-layout-id378_682f37-8b > .kt-row-column-wrap{column-gap:var(--global-kb-gap-md, 2rem);row-gap:var(--global-kb-gap-md, 2rem);max-width:1100px;margin-left:auto;margin-right:auto;padding-top:var(--global-kb-spacing-3xl, 6.5rem);padding-bottom:var(--global-kb-spacing-3xl, 6.5rem);grid-template-columns:minmax(0, 1fr);}.kb-row-layout-id378_682f37-8b > .kt-row-layout-overlay{opacity:0.30;}@media all and (max-width: 1024px){.kb-row-layout-id378_682f37-8b > .kt-row-column-wrap{grid-template-columns:minmax(0, 1fr);}}@media all and (max-width: 767px){.kb-row-layout-id378_682f37-8b > .kt-row-column-wrap{grid-template-columns:minmax(0, 1fr);}}<\/style><div class=\"kb-row-layout-wrap kb-row-layout-id378_682f37-8b alignfull wp-block-kadence-rowlayout\" id=\"ZARZAD\"><div class=\"kt-row-column-wrap kt-has-1-columns kt-row-layout-equal kt-tab-layout-inherit kt-mobile-layout-row kt-row-valign-top\">\n<style>.kadence-column378_5149b1-f2 > .kt-inside-inner-col,.kadence-column378_5149b1-f2 > .kt-inside-inner-col:before{border-top-left-radius:0px;border-top-right-radius:0px;border-bottom-right-radius:0px;border-bottom-left-radius:0px;}.kadence-column378_5149b1-f2 > .kt-inside-inner-col{column-gap:var(--global-kb-gap-sm, 1rem);}.kadence-column378_5149b1-f2 > .kt-inside-inner-col{flex-direction:column;}.kadence-column378_5149b1-f2 > .kt-inside-inner-col > .aligncenter{width:100%;}.kadence-column378_5149b1-f2 > .kt-inside-inner-col:before{opacity:0.3;}.kadence-column378_5149b1-f2{position:relative;}@media all and (max-width: 1024px){.kadence-column378_5149b1-f2 > .kt-inside-inner-col{flex-direction:column;justify-content:center;}}@media all and (max-width: 767px){.kadence-column378_5149b1-f2 > .kt-inside-inner-col{flex-direction:column;justify-content:center;}}<\/style>\n<div class=\"wp-block-kadence-column kadence-column378_5149b1-f2\"><div class=\"kt-inside-inner-col\"><style>.wp-block-kadence-advancedheading.kt-adv-heading378_2f45a9-42, .wp-block-kadence-advancedheading.kt-adv-heading378_2f45a9-42[data-kb-block=\"kb-adv-heading378_2f45a9-42\"]{font-style:normal;}.wp-block-kadence-advancedheading.kt-adv-heading378_2f45a9-42 mark.kt-highlight, .wp-block-kadence-advancedheading.kt-adv-heading378_2f45a9-42[data-kb-block=\"kb-adv-heading378_2f45a9-42\"] mark.kt-highlight{font-style:normal;color:#f76a0c;-webkit-box-decoration-break:clone;box-decoration-break:clone;padding-top:0px;padding-right:0px;padding-bottom:0px;padding-left:0px;}<\/style>\n<h1 class=\"kt-adv-heading378_2f45a9-42 wp-block-kadence-advancedheading has-theme-palette-2-color has-text-color\" data-kb-block=\"kb-adv-heading378_2f45a9-42\">Grzegorz Lata\u0142a<\/h1>\n\n\n\n\n<style>.kb-row-layout-id378_864bd5-38 > .kt-row-column-wrap{align-content:start;}:where(.kb-row-layout-id378_864bd5-38 > .kt-row-column-wrap) > .wp-block-kadence-column{justify-content:start;}.kb-row-layout-id378_864bd5-38 > .kt-row-column-wrap{column-gap:var(--global-kb-gap-md, 2rem);row-gap:var(--global-kb-gap-md, 2rem);padding-top:var(--global-kb-spacing-sm, 1.5rem);padding-bottom:var(--global-kb-spacing-sm, 1.5rem);grid-template-columns:minmax(0, 1fr) minmax(0, 2fr);}.kb-row-layout-id378_864bd5-38 > .kt-row-layout-overlay{opacity:0.30;}@media all and (max-width: 1024px){.kb-row-layout-id378_864bd5-38 > .kt-row-column-wrap{grid-template-columns:minmax(0, 1fr) minmax(0, 2fr);}}@media all and (max-width: 767px){.kb-row-layout-id378_864bd5-38 > .kt-row-column-wrap{grid-template-columns:minmax(0, 1fr);}}<\/style><div class=\"kb-row-layout-wrap kb-row-layout-id378_864bd5-38 alignnone wp-block-kadence-rowlayout\"><div class=\"kt-row-column-wrap kt-has-2-columns kt-row-layout-right-golden kt-tab-layout-inherit kt-mobile-layout-row kt-row-valign-top\">\n<style>.kadence-column378_b40f36-bd > .kt-inside-inner-col,.kadence-column378_b40f36-bd > .kt-inside-inner-col:before{border-top-left-radius:0px;border-top-right-radius:0px;border-bottom-right-radius:0px;border-bottom-left-radius:0px;}.kadence-column378_b40f36-bd > .kt-inside-inner-col{column-gap:var(--global-kb-gap-sm, 1rem);}.kadence-column378_b40f36-bd > .kt-inside-inner-col{flex-direction:column;}.kadence-column378_b40f36-bd > .kt-inside-inner-col > .aligncenter{width:100%;}.kadence-column378_b40f36-bd > .kt-inside-inner-col:before{opacity:0.3;}.kadence-column378_b40f36-bd{position:relative;}@media all and (max-width: 1024px){.kadence-column378_b40f36-bd > .kt-inside-inner-col{flex-direction:column;justify-content:center;}}@media all and (max-width: 767px){.kadence-column378_b40f36-bd > .kt-inside-inner-col{flex-direction:column;justify-content:center;}}<\/style>\n<div class=\"wp-block-kadence-column kadence-column378_b40f36-bd\"><div class=\"kt-inside-inner-col\"><style>.kb-image378_300e93-53 .kb-image-has-overlay:after{opacity:0.3;}<\/style>\n<figure class=\"wp-block-kadence-image kb-image378_300e93-53\"><img loading=\"lazy\" decoding=\"async\" width=\"333\" height=\"499\" src=\"https:\/\/mayland.wildbirds.pl\/wp-content\/uploads\/2024\/01\/gl2.jpg\" alt=\"\" class=\"kb-img wp-image-381\" srcset=\"https:\/\/mayland.wildbirds.pl\/wp-content\/uploads\/2024\/01\/gl2.jpg 333w, https:\/\/mayland.wildbirds.pl\/wp-content\/uploads\/2024\/01\/gl2-200x300.jpg 200w\" sizes=\"auto, (max-width: 333px) 100vw, 333px\" \/><\/figure>\n<\/div><\/div>\n\n\n<style>.kadence-column378_2f4dce-4f > .kt-inside-inner-col,.kadence-column378_2f4dce-4f > .kt-inside-inner-col:before{border-top-left-radius:0px;border-top-right-radius:0px;border-bottom-right-radius:0px;border-bottom-left-radius:0px;}.kadence-column378_2f4dce-4f > .kt-inside-inner-col{column-gap:var(--global-kb-gap-sm, 1rem);}.kadence-column378_2f4dce-4f > .kt-inside-inner-col{flex-direction:column;}.kadence-column378_2f4dce-4f > .kt-inside-inner-col > .aligncenter{width:100%;}.kadence-column378_2f4dce-4f > .kt-inside-inner-col:before{opacity:0.3;}.kadence-column378_2f4dce-4f{position:relative;}@media all and (max-width: 1024px){.kadence-column378_2f4dce-4f > .kt-inside-inner-col{flex-direction:column;justify-content:center;}}@media all and (max-width: 767px){.kadence-column378_2f4dce-4f > .kt-inside-inner-col{flex-direction:column;justify-content:center;}}<\/style>\n<div class=\"wp-block-kadence-column kadence-column378_2f4dce-4f\"><div class=\"kt-inside-inner-col\"><style>.wp-block-kadence-advancedheading.kt-adv-heading378_9b4b89-57, .wp-block-kadence-advancedheading.kt-adv-heading378_9b4b89-57[data-kb-block=\"kb-adv-heading378_9b4b89-57\"]{font-size:24px;font-style:normal;}.wp-block-kadence-advancedheading.kt-adv-heading378_9b4b89-57 mark.kt-highlight, .wp-block-kadence-advancedheading.kt-adv-heading378_9b4b89-57[data-kb-block=\"kb-adv-heading378_9b4b89-57\"] mark.kt-highlight{font-style:normal;color:#f76a0c;-webkit-box-decoration-break:clone;box-decoration-break:clone;padding-top:0px;padding-right:0px;padding-bottom:0px;padding-left:0px;}<\/style>\n<h2 class=\"kt-adv-heading378_9b4b89-57 wp-block-kadence-advancedheading\" data-kb-block=\"kb-adv-heading378_9b4b89-57\">Leasing Director and Board Member<\/h2>\n\n\n\n<p class=\"translation-block\">Grzegorz Lata\u0142a has been active in the real estate industry for more than 20 years. He started his career in Domy Towarowe Casino, where he contributed to the formation of the property management team. After the sale of the asset, he took the position of Chief Operating Officer and Property Management Director within the Apsys Group. In 2005 he joined the Mayland team, built and managed the leasing department right from the start and took part in creating the concept of shopping centres.<\/p>\n\n\n\n<ul class=\"wp-block-list\">\n<li>Apsys \u2013 supervision of more than 1,000 lease agreements and management of the largest portfolio of shopping centres in Poland at that time.<\/li>\n\n\n\n<li>Mayland Real Estate \u2013 the creation of leasing department, signing and supervision of negotiations of more than 800 lease agreements.<\/li>\n\n\n\n<li>Building and maintaining stable relations with key tenants operating on the Polish market, among others: Inditex Group, H&amp;M, Ikea, Auchan.<\/li>\n<\/ul>\n<\/div><\/div>\n\n<\/div><\/div><\/div><\/div>\n\n<\/div><\/div>","protected":false},"excerpt":{"rendered":"<p>Grzegorz Lata\u0142a Dyrektor ds. Komercjalizacji i Cz\u0142onek Zarz\u0105du Zwi\u0105zany z rynkiem nieruchomo\u015bci komercyjnych od ponad 20 lat. Prac\u0119 rozpocz\u0105\u0142 w Domach Towarowych Casino, gdzie bra\u0142 udzia\u0142 w tworzeniu zespo\u0142u ds. zarz\u0105dzania centrami. Po sprzeda\u017cy aktyw\u00f3w sp\u00f3\u0142ki rozpocz\u0105\u0142 wsp\u00f3\u0142prac\u0119 z Apsys Polska na stanowisku dyrektora operacyjnego i zarz\u0105dzania umowami najmu. W 2005 roku do\u0142\u0105czy\u0142 do zespo\u0142u&#8230;<\/p>","protected":false},"author":1,"featured_media":0,"parent":0,"menu_order":0,"comment_status":"closed","ping_status":"closed","template":"","meta":{"inline_featured_image":false,"_kad_blocks_custom_css":"","_kad_blocks_head_custom_js":"","_kad_blocks_body_custom_js":"","_kad_blocks_footer_custom_js":"","_kad_post_transparent":"","_kad_post_title":"","_kad_post_layout":"","_kad_post_sidebar_id":"","_kad_post_content_style":"","_kad_post_vertical_padding":"","_kad_post_feature":"","_kad_post_feature_position":"","_kad_post_header":false,"_kad_post_footer":false,"footnotes":""},"class_list":["post-378","page","type-page","status-publish","hentry"],"taxonomy_info":[],"featured_image_src_large":false,"author_info":{"display_name":"DzikiePtaki_Mayland","author_link":"https:\/\/mayland.wildbirds.pl\/en\/author\/dzikieptaki_mayland\/"},"comment_info":0,"_links":{"self":[{"href":"https:\/\/mayland.wildbirds.pl\/en\/wp-json\/wp\/v2\/pages\/378","targetHints":{"allow":["GET"]}}],"collection":[{"href":"https:\/\/mayland.wildbirds.pl\/en\/wp-json\/wp\/v2\/pages"}],"about":[{"href":"https:\/\/mayland.wildbirds.pl\/en\/wp-json\/wp\/v2\/types\/page"}],"author":[{"embeddable":true,"href":"https:\/\/mayland.wildbirds.pl\/en\/wp-json\/wp\/v2\/users\/1"}],"replies":[{"embeddable":true,"href":"https:\/\/mayland.wildbirds.pl\/en\/wp-json\/wp\/v2\/comments?post=378"}],"version-history":[{"count":4,"href":"https:\/\/mayland.wildbirds.pl\/en\/wp-json\/wp\/v2\/pages\/378\/revisions"}],"predecessor-version":[{"id":405,"href":"https:\/\/mayland.wildbirds.pl\/en\/wp-json\/wp\/v2\/pages\/378\/revisions\/405"}],"wp:attachment":[{"href":"https:\/\/mayland.wildbirds.pl\/en\/wp-json\/wp\/v2\/media?parent=378"}],"curies":[{"name":"wp","href":"https:\/\/api.w.org\/{rel}","templated":true}]}}