{"id":371,"date":"2024-01-25T12:06:06","date_gmt":"2024-01-25T11:06:06","guid":{"rendered":"https:\/\/mayland.wildbirds.pl\/?page_id=371"},"modified":"2024-01-25T14:06:16","modified_gmt":"2024-01-25T13:06:16","slug":"beata-maciag-2","status":"publish","type":"page","link":"https:\/\/mayland.wildbirds.pl\/en\/beata-maciag-2\/","title":{"rendered":"Beata Maci\u0105g"},"content":{"rendered":"<style>.kb-row-layout-id371_c072cc-f8 > .kt-row-column-wrap{align-content:start;}:where(.kb-row-layout-id371_c072cc-f8 > .kt-row-column-wrap) > .wp-block-kadence-column{justify-content:start;}.kb-row-layout-id371_c072cc-f8 > .kt-row-column-wrap{column-gap:var(--global-kb-gap-md, 2rem);row-gap:var(--global-kb-gap-md, 2rem);max-width:1100px;margin-left:auto;margin-right:auto;padding-top:var(--global-kb-spacing-3xl, 6.5rem);padding-bottom:var(--global-kb-spacing-3xl, 6.5rem);grid-template-columns:minmax(0, 1fr);}.kb-row-layout-id371_c072cc-f8 > .kt-row-layout-overlay{opacity:0.30;}@media all and (max-width: 1024px){.kb-row-layout-id371_c072cc-f8 > .kt-row-column-wrap{grid-template-columns:minmax(0, 1fr);}}@media all and (max-width: 767px){.kb-row-layout-id371_c072cc-f8 > .kt-row-column-wrap{grid-template-columns:minmax(0, 1fr);}}<\/style><div class=\"kb-row-layout-wrap kb-row-layout-id371_c072cc-f8 alignfull wp-block-kadence-rowlayout\" id=\"ZARZAD\"><div class=\"kt-row-column-wrap kt-has-1-columns kt-row-layout-equal kt-tab-layout-inherit kt-mobile-layout-row kt-row-valign-top\">\n<style>.kadence-column371_a079c2-4b > .kt-inside-inner-col,.kadence-column371_a079c2-4b > .kt-inside-inner-col:before{border-top-left-radius:0px;border-top-right-radius:0px;border-bottom-right-radius:0px;border-bottom-left-radius:0px;}.kadence-column371_a079c2-4b > .kt-inside-inner-col{column-gap:var(--global-kb-gap-sm, 1rem);}.kadence-column371_a079c2-4b > .kt-inside-inner-col{flex-direction:column;}.kadence-column371_a079c2-4b > .kt-inside-inner-col > .aligncenter{width:100%;}.kadence-column371_a079c2-4b > .kt-inside-inner-col:before{opacity:0.3;}.kadence-column371_a079c2-4b{position:relative;}@media all and (max-width: 1024px){.kadence-column371_a079c2-4b > .kt-inside-inner-col{flex-direction:column;justify-content:center;}}@media all and (max-width: 767px){.kadence-column371_a079c2-4b > .kt-inside-inner-col{flex-direction:column;justify-content:center;}}<\/style>\n<div class=\"wp-block-kadence-column kadence-column371_a079c2-4b\"><div class=\"kt-inside-inner-col\"><style>.wp-block-kadence-advancedheading.kt-adv-heading371_fb2d48-e3, .wp-block-kadence-advancedheading.kt-adv-heading371_fb2d48-e3[data-kb-block=\"kb-adv-heading371_fb2d48-e3\"]{font-style:normal;}.wp-block-kadence-advancedheading.kt-adv-heading371_fb2d48-e3 mark.kt-highlight, .wp-block-kadence-advancedheading.kt-adv-heading371_fb2d48-e3[data-kb-block=\"kb-adv-heading371_fb2d48-e3\"] mark.kt-highlight{font-style:normal;color:#f76a0c;-webkit-box-decoration-break:clone;box-decoration-break:clone;padding-top:0px;padding-right:0px;padding-bottom:0px;padding-left:0px;}<\/style>\n<h1 class=\"kt-adv-heading371_fb2d48-e3 wp-block-kadence-advancedheading has-theme-palette-2-color has-text-color\" data-kb-block=\"kb-adv-heading371_fb2d48-e3\">Beata Maci\u0105g<\/h1>\n\n\n<style>.kb-row-layout-id371_24c352-94 > .kt-row-column-wrap{align-content:start;}:where(.kb-row-layout-id371_24c352-94 > .kt-row-column-wrap) > .wp-block-kadence-column{justify-content:start;}.kb-row-layout-id371_24c352-94 > .kt-row-column-wrap{column-gap:var(--global-kb-gap-md, 2rem);row-gap:var(--global-kb-gap-md, 2rem);padding-top:var(--global-kb-spacing-sm, 1.5rem);padding-bottom:var(--global-kb-spacing-sm, 1.5rem);grid-template-columns:minmax(0, 1fr) minmax(0, 2fr);}.kb-row-layout-id371_24c352-94 > .kt-row-layout-overlay{opacity:0.30;}@media all and (max-width: 1024px){.kb-row-layout-id371_24c352-94 > .kt-row-column-wrap{grid-template-columns:minmax(0, 1fr) minmax(0, 2fr);}}@media all and (max-width: 767px){.kb-row-layout-id371_24c352-94 > .kt-row-column-wrap{grid-template-columns:minmax(0, 1fr);}}<\/style><div class=\"kb-row-layout-wrap kb-row-layout-id371_24c352-94 alignnone wp-block-kadence-rowlayout\"><div class=\"kt-row-column-wrap kt-has-2-columns kt-row-layout-right-golden kt-tab-layout-inherit kt-mobile-layout-row kt-row-valign-top\">\n<style>.kadence-column371_21c36f-67 > .kt-inside-inner-col,.kadence-column371_21c36f-67 > .kt-inside-inner-col:before{border-top-left-radius:0px;border-top-right-radius:0px;border-bottom-right-radius:0px;border-bottom-left-radius:0px;}.kadence-column371_21c36f-67 > .kt-inside-inner-col{column-gap:var(--global-kb-gap-sm, 1rem);}.kadence-column371_21c36f-67 > .kt-inside-inner-col{flex-direction:column;}.kadence-column371_21c36f-67 > .kt-inside-inner-col > .aligncenter{width:100%;}.kadence-column371_21c36f-67 > .kt-inside-inner-col:before{opacity:0.3;}.kadence-column371_21c36f-67{position:relative;}@media all and (max-width: 1024px){.kadence-column371_21c36f-67 > .kt-inside-inner-col{flex-direction:column;justify-content:center;}}@media all and (max-width: 767px){.kadence-column371_21c36f-67 > .kt-inside-inner-col{flex-direction:column;justify-content:center;}}<\/style>\n<div class=\"wp-block-kadence-column kadence-column371_21c36f-67\"><div class=\"kt-inside-inner-col\"><style>.kb-image371_f05be6-64 .kb-image-has-overlay:after{opacity:0.3;}<\/style>\n<figure class=\"wp-block-kadence-image kb-image371_f05be6-64 size-full\"><img loading=\"lazy\" decoding=\"async\" width=\"333\" height=\"499\" src=\"https:\/\/mayland.wildbirds.pl\/wp-content\/uploads\/2024\/01\/bm2.jpg\" alt=\"\" class=\"kb-img wp-image-376\" srcset=\"https:\/\/mayland.wildbirds.pl\/wp-content\/uploads\/2024\/01\/bm2.jpg 333w, https:\/\/mayland.wildbirds.pl\/wp-content\/uploads\/2024\/01\/bm2-200x300.jpg 200w\" sizes=\"auto, (max-width: 333px) 100vw, 333px\" \/><\/figure>\n<\/div><\/div>\n\n\n<style>.kadence-column371_452568-85 > .kt-inside-inner-col,.kadence-column371_452568-85 > .kt-inside-inner-col:before{border-top-left-radius:0px;border-top-right-radius:0px;border-bottom-right-radius:0px;border-bottom-left-radius:0px;}.kadence-column371_452568-85 > .kt-inside-inner-col{column-gap:var(--global-kb-gap-sm, 1rem);}.kadence-column371_452568-85 > .kt-inside-inner-col{flex-direction:column;}.kadence-column371_452568-85 > .kt-inside-inner-col > .aligncenter{width:100%;}.kadence-column371_452568-85 > .kt-inside-inner-col:before{opacity:0.3;}.kadence-column371_452568-85{position:relative;}@media all and (max-width: 1024px){.kadence-column371_452568-85 > .kt-inside-inner-col{flex-direction:column;justify-content:center;}}@media all and (max-width: 767px){.kadence-column371_452568-85 > .kt-inside-inner-col{flex-direction:column;justify-content:center;}}<\/style>\n<div class=\"wp-block-kadence-column kadence-column371_452568-85\"><div class=\"kt-inside-inner-col\"><style>.wp-block-kadence-advancedheading.kt-adv-heading371_40a5c4-70, .wp-block-kadence-advancedheading.kt-adv-heading371_40a5c4-70[data-kb-block=\"kb-adv-heading371_40a5c4-70\"]{font-size:24px;font-style:normal;}.wp-block-kadence-advancedheading.kt-adv-heading371_40a5c4-70 mark.kt-highlight, .wp-block-kadence-advancedheading.kt-adv-heading371_40a5c4-70[data-kb-block=\"kb-adv-heading371_40a5c4-70\"] mark.kt-highlight{font-style:normal;color:#f76a0c;-webkit-box-decoration-break:clone;box-decoration-break:clone;padding-top:0px;padding-right:0px;padding-bottom:0px;padding-left:0px;}<\/style>\n<h2 class=\"kt-adv-heading371_40a5c4-70 wp-block-kadence-advancedheading\" data-kb-block=\"kb-adv-heading371_40a5c4-70\">General Director and Board Member<\/h2>\n\n\n\n<p>Beata Maci\u0105g, associated with the Casino Group for 18 years, has been promoted to the Chief Financial Officer in 2008. Since 2016 she has served as a board member and supervised the accounting, financial, HR, IT and administration departments.<br>She was responsible for:<\/p>\n\n\n\n<ul class=\"wp-block-list\">\n<li>consolidation of financial statements and reporting to the Group;<\/li>\n\n\n\n<li>issue of two tranches of bonds for funding G\u00e9ant retail chain in Poland for the total amount of over 500 million Euro;<\/li>\n\n\n\n<li>acquiring funds for Mayland\u2019s Project, such as Karolinka, Pogoria, Jantar and Serenada shopping centres;<\/li>\n\n\n\n<li>the sale of shopping centres in terms of the price calculation, tax analyses and optimisation.<\/li>\n<\/ul>\n<\/div><\/div>\n\n<\/div><\/div><\/div><\/div>\n\n<\/div><\/div>","protected":false},"excerpt":{"rendered":"<p>Beata Maci\u0105g Dyrektor Zarz\u0105dzaj\u0105cy i Cz\u0142onek Zarz\u0105du Zwi\u0105zana z Grup\u0105 Casino od 18 lat. W 2008 roku obj\u0119\u0142a stanowisko Dyrektora Finansowego, a od 2016 roku pe\u0142ni w Mayland Real Estate funkcj\u0119 Cz\u0142onka Zarz\u0105du. Nadzoruje dzia\u0142y ksi\u0119gowo\u015bci, finans\u00f3w, HR, administracji i IT.By\u0142a odpowiedzialna za:<\/p>","protected":false},"author":1,"featured_media":0,"parent":0,"menu_order":0,"comment_status":"closed","ping_status":"closed","template":"","meta":{"inline_featured_image":false,"_kad_blocks_custom_css":"","_kad_blocks_head_custom_js":"","_kad_blocks_body_custom_js":"","_kad_blocks_footer_custom_js":"","_kad_post_transparent":"","_kad_post_title":"","_kad_post_layout":"","_kad_post_sidebar_id":"","_kad_post_content_style":"","_kad_post_vertical_padding":"","_kad_post_feature":"","_kad_post_feature_position":"","_kad_post_header":false,"_kad_post_footer":false,"footnotes":""},"class_list":["post-371","page","type-page","status-publish","hentry"],"taxonomy_info":[],"featured_image_src_large":false,"author_info":{"display_name":"DzikiePtaki_Mayland","author_link":"https:\/\/mayland.wildbirds.pl\/en\/author\/dzikieptaki_mayland\/"},"comment_info":0,"_links":{"self":[{"href":"https:\/\/mayland.wildbirds.pl\/en\/wp-json\/wp\/v2\/pages\/371","targetHints":{"allow":["GET"]}}],"collection":[{"href":"https:\/\/mayland.wildbirds.pl\/en\/wp-json\/wp\/v2\/pages"}],"about":[{"href":"https:\/\/mayland.wildbirds.pl\/en\/wp-json\/wp\/v2\/types\/page"}],"author":[{"embeddable":true,"href":"https:\/\/mayland.wildbirds.pl\/en\/wp-json\/wp\/v2\/users\/1"}],"replies":[{"embeddable":true,"href":"https:\/\/mayland.wildbirds.pl\/en\/wp-json\/wp\/v2\/comments?post=371"}],"version-history":[{"count":10,"href":"https:\/\/mayland.wildbirds.pl\/en\/wp-json\/wp\/v2\/pages\/371\/revisions"}],"predecessor-version":[{"id":402,"href":"https:\/\/mayland.wildbirds.pl\/en\/wp-json\/wp\/v2\/pages\/371\/revisions\/402"}],"wp:attachment":[{"href":"https:\/\/mayland.wildbirds.pl\/en\/wp-json\/wp\/v2\/media?parent=371"}],"curies":[{"name":"wp","href":"https:\/\/api.w.org\/{rel}","templated":true}]}}